{"id":987522323,"date":"2024-06-06T16:01:03","date_gmt":"2024-06-06T16:01:03","guid":{"rendered":"https:\/\/alphadistinction.com\/partner-expert-johan-frederick-clement\/"},"modified":"2024-10-04T14:44:45","modified_gmt":"2024-10-04T14:44:45","slug":"partner-expert-johan-frederick-clement","status":"publish","type":"page","link":"https:\/\/alphadistinction.com\/en\/partner-expert-johan-frederick-clement\/","title":{"rendered":"Partner expert &#8211; Johan-Fr\u00e9d\u00e9rick Cl\u00e9ment"},"content":{"rendered":"<p>[et_pb_section fb_built=&#8221;1&#8243; _builder_version=&#8221;4.27.0&#8243; _module_preset=&#8221;default&#8221; background_color=&#8221;rgba(0,0,0,0.54)&#8221; background_image=&#8221;https:\/\/alphadistinction.com\/wp-content\/uploads\/2024\/07\/iStock-1329257012-scaled.jpg&#8221; background_blend=&#8221;soft-light&#8221; custom_padding=&#8221;70px||150px||false|false&#8221; da_disable_devices=&#8221;off|off|off&#8221; locked=&#8221;off&#8221; global_colors_info=&#8221;{}&#8221; da_is_popup=&#8221;off&#8221; da_exit_intent=&#8221;off&#8221; da_has_close=&#8221;on&#8221; da_alt_close=&#8221;off&#8221; da_dark_close=&#8221;off&#8221; da_not_modal=&#8221;on&#8221; da_is_singular=&#8221;off&#8221; da_with_loader=&#8221;off&#8221; da_has_shadow=&#8221;on&#8221;][et_pb_row _builder_version=&#8221;4.16&#8243; _module_preset=&#8221;default&#8221; global_colors_info=&#8221;{}&#8221;][et_pb_column type=&#8221;4_4&#8243; _builder_version=&#8221;4.16&#8243; _module_preset=&#8221;default&#8221; global_colors_info=&#8221;{}&#8221;][et_pb_text _builder_version=&#8221;4.25.1&#8243; _module_preset=&#8221;default&#8221; text_font=&#8221;Varela||||||||&#8221; text_text_color=&#8221;#FFFFFF&#8221; text_font_size=&#8221;48px&#8221; text_orientation=&#8221;center&#8221; text_font_size_tablet=&#8221;&#8221; text_font_size_phone=&#8221;26px&#8221; text_font_size_last_edited=&#8221;on|phone&#8221; text_line_height_tablet=&#8221;1.3em&#8221; text_line_height_phone=&#8221;&#8221; text_line_height_last_edited=&#8221;on|tablet&#8221; custom_css_main_element=&#8221;font-weight: 600;&#8221; global_colors_info=&#8221;{}&#8221;]<\/p>\n<p>Johan-Fr\u00e9d\u00e9rick Cl\u00e9ment<\/p>\n<p>[\/et_pb_text][\/et_pb_column][\/et_pb_row][\/et_pb_section][et_pb_section fb_built=&#8221;1&#8243; use_custom_gutter=&#8221;on&#8221; gutter_width=&#8221;2&#8243; specialty=&#8221;on&#8221; padding_top_1=&#8221;0px&#8221; padding_top_2=&#8221;0px&#8221; padding_bottom_1=&#8221;0px&#8221; padding_bottom_2=&#8221;0px&#8221; padding_top_bottom_link_1=&#8221;true&#8221; padding_top_bottom_link_2=&#8221;true&#8221; padding_left_right_link_1=&#8221;false&#8221; padding_left_right_link_2=&#8221;false&#8221; module_class_1=&#8221;team16_column1&#8243; module_class_2=&#8221;team16_column2&#8243; custom_css_main_1=&#8221;border-style: solid;||    border-width: 1px 1px 0px 1px;||    border-color: #DEDEDE;||    transition: background 0.3s, border 0.3s, border-radius 0.3s, box-shadow 0.3s;&#8221; _builder_version=&#8221;4.16&#8243; _module_preset=&#8221;default&#8221; width=&#8221;80%&#8221; width_tablet=&#8221;95%&#8221; width_phone=&#8221;100%&#8221; width_last_edited=&#8221;on|phone&#8221; max_width=&#8221;100%&#8221; module_alignment=&#8221;center&#8221; inner_width=&#8221;100%&#8221; inner_max_width=&#8221;100%&#8221; custom_margin=&#8221;-70px||||false|false&#8221; custom_padding=&#8221;30px|30px|0px|30px|false|true&#8221; da_disable_devices=&#8221;off|off|off&#8221; locked=&#8221;off&#8221; global_colors_info=&#8221;{}&#8221; da_is_popup=&#8221;off&#8221; da_exit_intent=&#8221;off&#8221; da_has_close=&#8221;on&#8221; da_alt_close=&#8221;off&#8221; da_dark_close=&#8221;off&#8221; da_not_modal=&#8221;on&#8221; da_is_singular=&#8221;off&#8221; da_with_loader=&#8221;off&#8221; da_has_shadow=&#8221;on&#8221;][et_pb_column type=&#8221;1_3&#8243; _builder_version=&#8221;4.16&#8243; custom_padding=&#8221;|||&#8221; global_colors_info=&#8221;{}&#8221; custom_padding__hover=&#8221;|||&#8221;][et_pb_image src=&#8221;https:\/\/alphadistinction.com\/wp-content\/uploads\/2024\/10\/Johan-Frederick-Clement.png&#8221; title_text=&#8221;Johan-Fre\u0301de\u0301rick Cle\u0301ment&#8221; align_tablet=&#8221;center&#8221; align_phone=&#8221;&#8221; align_last_edited=&#8221;on|tablet&#8221; _builder_version=&#8221;4.27.0&#8243; _module_preset=&#8221;default&#8221; custom_margin_tablet=&#8221;50px||||false|false&#8221; custom_margin_phone=&#8221;0px||||false|false&#8221; custom_margin_last_edited=&#8221;on|tablet&#8221; custom_css_before=&#8221;content: %22%22;||    position: absolute;||    top: 0;||    left: -10px;||    width: 0;||    height: 100%;||    background-color: rgba(255,255,255,.5);||    -webkit-transition: none;||    -khtml-transition: none;||    -moz-transition: none;||    -ms-transition: none;||    -o-transition: none;||    transition: none;||\t\tz-index: 1;&#8221; custom_css_main_element=&#8221;position: relative;||overflow: hidden;&#8221; global_colors_info=&#8221;{}&#8221; custom_css_before__hover_enabled=&#8221;on|desktop&#8221; custom_css_before__hover=&#8221;-webkit-transition: all .5s ease-out .08s;||    -khtml-transition: all .5s ease-out .08s;||    -moz-transition: all .5s ease-out .08s;||    -ms-transition: all .5s ease-out .08s;||    -o-transition: all .5s ease-out .08s;||    transition: all .5s ease-out .08s;||    width: 120%;||    background-color: rgba(255,255,255,0);&#8221;][\/et_pb_image][et_pb_text _builder_version=&#8221;4.27.2&#8243; _module_preset=&#8221;default&#8221; text_font=&#8221;Mulish||||||||&#8221; header_5_font=&#8221;Mulish||||||||&#8221; header_5_text_color=&#8221;#03045e&#8221; custom_margin=&#8221;||10px||false|false&#8221; custom_padding=&#8221;|25px||25px|false|true&#8221; custom_padding_tablet=&#8221;&#8221; custom_padding_phone=&#8221;|20px||20px|false|true&#8221; custom_padding_last_edited=&#8221;on|phone&#8221; hover_enabled=&#8221;0&#8243; text_orientation_tablet=&#8221;center&#8221; text_orientation_phone=&#8221;&#8221; text_orientation_last_edited=&#8221;on|tablet&#8221; global_colors_info=&#8221;{}&#8221; sticky_enabled=&#8221;0&#8243;]<\/p>\n<h5 style=\"border-bottom: 1px solid #dedede; padding-bottom: 15px; text-align: left;\">Title :<\/h5>\n<p style=\"text-align: left;\">Notary at DBC Notaires<\/p>\n<p>[\/et_pb_text][et_pb_code _builder_version=&#8221;4.16&#8243; _module_preset=&#8221;default&#8221; global_colors_info=&#8221;{}&#8221;]<\/p>\n<style><!-- [et_pb_line_break_holder] -->  .team16_column2_row3_blurb .et_pb_blurb_content .et_pb_blurb_container{<!-- [et_pb_line_break_holder] -->    padding-left: 0;<!-- [et_pb_line_break_holder] -->  }<!-- [et_pb_line_break_holder] -->  <!-- [et_pb_line_break_holder] -->  <!-- [et_pb_line_break_holder] -->  <!-- [et_pb_line_break_holder] -->  @media only screen and (max-width: 767px){<!-- [et_pb_line_break_holder] -->    .team16_column2_row3_blurb .et_pb_blurb_content .et_pb_blurb_container{<!-- [et_pb_line_break_holder] -->      padding: 0 !important;<!-- [et_pb_line_break_holder] -->    }<!-- [et_pb_line_break_holder] -->  }<!-- [et_pb_line_break_holder] --><\/style>\n<p>[\/et_pb_code][\/et_pb_column][et_pb_column type=&#8221;2_3&#8243; specialty_columns=&#8221;2&#8243; _builder_version=&#8221;4.16&#8243; custom_padding=&#8221;|||&#8221; global_colors_info=&#8221;{}&#8221; custom_padding__hover=&#8221;|||&#8221;][et_pb_row_inner _builder_version=&#8221;4.16&#8243; _module_preset=&#8221;default&#8221; border_width_bottom=&#8221;1px&#8221; border_color_bottom=&#8221;#dedede&#8221; global_colors_info=&#8221;{}&#8221;][et_pb_column_inner saved_specialty_column_type=&#8221;2_3&#8243; _builder_version=&#8221;4.16&#8243; _module_preset=&#8221;default&#8221; global_colors_info=&#8221;{}&#8221;][et_pb_text _builder_version=&#8221;4.23&#8243; _module_preset=&#8221;default&#8221; text_font=&#8221;Varela|600|||||||&#8221; text_text_color=&#8221;#03045e&#8221; text_font_size=&#8221;30px&#8221; text_line_height_tablet=&#8221;&#8221; text_line_height_phone=&#8221;1.3em&#8221; text_line_height_last_edited=&#8221;on|phone&#8221; text_orientation_tablet=&#8221;center&#8221; text_orientation_phone=&#8221;&#8221; text_orientation_last_edited=&#8221;on|tablet&#8221; global_colors_info=&#8221;{}&#8221;]<\/p>\n<p>About me  <\/p>\n<p>[\/et_pb_text][et_pb_text _builder_version=&#8221;4.27.2&#8243; _module_preset=&#8221;default&#8221; text_font=&#8221;Mulish||||||||&#8221; text_text_color=&#8221;#666666&#8243; text_font_size=&#8221;15px&#8221; hover_enabled=&#8221;0&#8243; text_orientation_tablet=&#8221;center&#8221; text_orientation_phone=&#8221;&#8221; text_orientation_last_edited=&#8221;on|tablet&#8221; global_colors_info=&#8221;{}&#8221; sticky_enabled=&#8221;0&#8243;]<\/p>\n<p style=\"text-align: left;\">Mr. Cl\u00e9ment has a special attachment to the town of Saint-Bruno-de-Montarville, having grown up there since birth. His extensive knowledge of the region&#8217;s business community has been a major asset to the firm since his arrival as a notary in 2011. Johan-Fr\u00e9d\u00e9rick&#8217;s practice focuses mainly on real estate law. As part of his duties, he assists customers with the sale of single-family, multi-family and commercial residential properties, at every stage of the process. In addition, Mr. Cl\u00e9ment has developed an expertise with major real estate developers, assisting them throughout their projects, from the purchase of vacant land, to financing, to the legal structuring of the project and the implementation of several types of divided co-ownership. Mr. Cl\u00e9ment is recognized and appreciated for his availability, speed of execution, professionalism and pragmatic, results-oriented approach. He is considered an excellent popularizer and strives to make the experience at our study as pleasant as possible for our valued customers.<\/p>\n<p>[\/et_pb_text][\/et_pb_column_inner][\/et_pb_row_inner][\/et_pb_column][\/et_pb_section]<\/p>\n","protected":false},"excerpt":{"rendered":"<p>Johan-Fr\u00e9d\u00e9rick Cl\u00e9mentTitle : Notary at DBC NotairesAbout me Mr. Cl\u00e9ment has a special attachment to the town of Saint-Bruno-de-Montarville, having grown up there since birth. His extensive knowledge of the region&#8217;s business community has been a major asset to the firm since his arrival as a notary in 2011. Johan-Fr\u00e9d\u00e9rick&#8217;s practice focuses mainly on real [&hellip;]<\/p>\n","protected":false},"author":3,"featured_media":0,"parent":0,"menu_order":0,"comment_status":"closed","ping_status":"closed","template":"","meta":{"_et_pb_use_builder":"on","_et_pb_old_content":"","_et_gb_content_width":"","footnotes":""},"class_list":["post-987522323","page","type-page","status-publish","hentry"],"yoast_head":"<!-- This site is optimized with the Yoast SEO plugin v27.3 - https:\/\/yoast.com\/product\/yoast-seo-wordpress\/ -->\n<title>Partner expert - Johan-Fr\u00e9d\u00e9rick Cl\u00e9ment - Alpha Distinction<\/title>\n<meta name=\"robots\" content=\"index, follow, max-snippet:-1, max-image-preview:large, max-video-preview:-1\" \/>\n<link rel=\"canonical\" href=\"https:\/\/alphadistinction.com\/en\/partner-expert-johan-frederick-clement\/\" \/>\n<meta property=\"og:locale\" content=\"en_US\" \/>\n<meta property=\"og:type\" content=\"article\" \/>\n<meta property=\"og:title\" content=\"Partner expert - Johan-Fr\u00e9d\u00e9rick Cl\u00e9ment - Alpha Distinction\" \/>\n<meta property=\"og:description\" content=\"Johan-Fr\u00e9d\u00e9rick Cl\u00e9mentTitle : Notary at DBC NotairesAbout me Mr. Cl\u00e9ment has a special attachment to the town of Saint-Bruno-de-Montarville, having grown up there since birth. His extensive knowledge of the region&#039;s business community has been a major asset to the firm since his arrival as a notary in 2011. Johan-Fr\u00e9d\u00e9rick&#039;s practice focuses mainly on real [&hellip;]\" \/>\n<meta property=\"og:url\" content=\"https:\/\/alphadistinction.com\/en\/partner-expert-johan-frederick-clement\/\" \/>\n<meta property=\"og:site_name\" content=\"Alpha Distinction\" \/>\n<meta property=\"article:publisher\" content=\"https:\/\/www.facebook.com\/alphadistinction\" \/>\n<meta property=\"article:modified_time\" content=\"2024-10-04T14:44:45+00:00\" \/>\n<meta property=\"og:image\" content=\"https:\/\/alphadistinction.com\/wp-content\/uploads\/2024\/10\/alpha-image.png\" \/>\n\t<meta property=\"og:image:width\" content=\"1200\" \/>\n\t<meta property=\"og:image:height\" content=\"675\" \/>\n\t<meta property=\"og:image:type\" content=\"image\/png\" \/>\n<meta name=\"twitter:card\" content=\"summary_large_image\" \/>\n<meta name=\"twitter:label1\" content=\"Est. reading time\" \/>\n\t<meta name=\"twitter:data1\" content=\"5 minutes\" \/>\n<script type=\"application\/ld+json\" class=\"yoast-schema-graph\">{\"@context\":\"https:\\\/\\\/schema.org\",\"@graph\":[{\"@type\":\"WebPage\",\"@id\":\"https:\\\/\\\/alphadistinction.com\\\/en\\\/partner-expert-johan-frederick-clement\\\/\",\"url\":\"https:\\\/\\\/alphadistinction.com\\\/en\\\/partner-expert-johan-frederick-clement\\\/\",\"name\":\"Partner expert - Johan-Fr\u00e9d\u00e9rick Cl\u00e9ment - Alpha Distinction\",\"isPartOf\":{\"@id\":\"https:\\\/\\\/alphadistinction.com\\\/en\\\/#website\"},\"datePublished\":\"2024-06-06T16:01:03+00:00\",\"dateModified\":\"2024-10-04T14:44:45+00:00\",\"breadcrumb\":{\"@id\":\"https:\\\/\\\/alphadistinction.com\\\/en\\\/partner-expert-johan-frederick-clement\\\/#breadcrumb\"},\"inLanguage\":\"en-US\",\"potentialAction\":[{\"@type\":\"ReadAction\",\"target\":[\"https:\\\/\\\/alphadistinction.com\\\/en\\\/partner-expert-johan-frederick-clement\\\/\"]}]},{\"@type\":\"BreadcrumbList\",\"@id\":\"https:\\\/\\\/alphadistinction.com\\\/en\\\/partner-expert-johan-frederick-clement\\\/#breadcrumb\",\"itemListElement\":[{\"@type\":\"ListItem\",\"position\":1,\"name\":\"Home\",\"item\":\"https:\\\/\\\/alphadistinction.com\\\/en\\\/home\\\/\"},{\"@type\":\"ListItem\",\"position\":2,\"name\":\"Partner expert &#8211; Johan-Fr\u00e9d\u00e9rick Cl\u00e9ment\"}]},{\"@type\":\"WebSite\",\"@id\":\"https:\\\/\\\/alphadistinction.com\\\/en\\\/#website\",\"url\":\"https:\\\/\\\/alphadistinction.com\\\/en\\\/\",\"name\":\"Alpha Distinction\",\"description\":\"\",\"publisher\":{\"@id\":\"https:\\\/\\\/alphadistinction.com\\\/en\\\/#organization\"},\"potentialAction\":[{\"@type\":\"SearchAction\",\"target\":{\"@type\":\"EntryPoint\",\"urlTemplate\":\"https:\\\/\\\/alphadistinction.com\\\/en\\\/?s={search_term_string}\"},\"query-input\":{\"@type\":\"PropertyValueSpecification\",\"valueRequired\":true,\"valueName\":\"search_term_string\"}}],\"inLanguage\":\"en-US\"},{\"@type\":\"Organization\",\"@id\":\"https:\\\/\\\/alphadistinction.com\\\/en\\\/#organization\",\"name\":\"Alpha Distinction\",\"url\":\"https:\\\/\\\/alphadistinction.com\\\/en\\\/\",\"logo\":{\"@type\":\"ImageObject\",\"inLanguage\":\"en-US\",\"@id\":\"https:\\\/\\\/alphadistinction.com\\\/en\\\/#\\\/schema\\\/logo\\\/image\\\/\",\"url\":\"https:\\\/\\\/alphadistinction.com\\\/wp-content\\\/uploads\\\/2024\\\/10\\\/alpha-image-2.png\",\"contentUrl\":\"https:\\\/\\\/alphadistinction.com\\\/wp-content\\\/uploads\\\/2024\\\/10\\\/alpha-image-2.png\",\"width\":696,\"height\":696,\"caption\":\"Alpha Distinction\"},\"image\":{\"@id\":\"https:\\\/\\\/alphadistinction.com\\\/en\\\/#\\\/schema\\\/logo\\\/image\\\/\"},\"sameAs\":[\"https:\\\/\\\/www.facebook.com\\\/alphadistinction\",\"https:\\\/\\\/www.linkedin.com\\\/company\\\/alpha-distinction\\\/\"]}]}<\/script>\n<!-- \/ Yoast SEO plugin. -->","yoast_head_json":{"title":"Partner expert - Johan-Fr\u00e9d\u00e9rick Cl\u00e9ment - Alpha Distinction","robots":{"index":"index","follow":"follow","max-snippet":"max-snippet:-1","max-image-preview":"max-image-preview:large","max-video-preview":"max-video-preview:-1"},"canonical":"https:\/\/alphadistinction.com\/en\/partner-expert-johan-frederick-clement\/","og_locale":"en_US","og_type":"article","og_title":"Partner expert - Johan-Fr\u00e9d\u00e9rick Cl\u00e9ment - Alpha Distinction","og_description":"Johan-Fr\u00e9d\u00e9rick Cl\u00e9mentTitle : Notary at DBC NotairesAbout me Mr. Cl\u00e9ment has a special attachment to the town of Saint-Bruno-de-Montarville, having grown up there since birth. His extensive knowledge of the region's business community has been a major asset to the firm since his arrival as a notary in 2011. Johan-Fr\u00e9d\u00e9rick's practice focuses mainly on real [&hellip;]","og_url":"https:\/\/alphadistinction.com\/en\/partner-expert-johan-frederick-clement\/","og_site_name":"Alpha Distinction","article_publisher":"https:\/\/www.facebook.com\/alphadistinction","article_modified_time":"2024-10-04T14:44:45+00:00","og_image":[{"width":1200,"height":675,"url":"https:\/\/alphadistinction.com\/wp-content\/uploads\/2024\/10\/alpha-image.png","type":"image\/png"}],"twitter_card":"summary_large_image","twitter_misc":{"Est. reading time":"5 minutes"},"schema":{"@context":"https:\/\/schema.org","@graph":[{"@type":"WebPage","@id":"https:\/\/alphadistinction.com\/en\/partner-expert-johan-frederick-clement\/","url":"https:\/\/alphadistinction.com\/en\/partner-expert-johan-frederick-clement\/","name":"Partner expert - Johan-Fr\u00e9d\u00e9rick Cl\u00e9ment - Alpha Distinction","isPartOf":{"@id":"https:\/\/alphadistinction.com\/en\/#website"},"datePublished":"2024-06-06T16:01:03+00:00","dateModified":"2024-10-04T14:44:45+00:00","breadcrumb":{"@id":"https:\/\/alphadistinction.com\/en\/partner-expert-johan-frederick-clement\/#breadcrumb"},"inLanguage":"en-US","potentialAction":[{"@type":"ReadAction","target":["https:\/\/alphadistinction.com\/en\/partner-expert-johan-frederick-clement\/"]}]},{"@type":"BreadcrumbList","@id":"https:\/\/alphadistinction.com\/en\/partner-expert-johan-frederick-clement\/#breadcrumb","itemListElement":[{"@type":"ListItem","position":1,"name":"Home","item":"https:\/\/alphadistinction.com\/en\/home\/"},{"@type":"ListItem","position":2,"name":"Partner expert &#8211; Johan-Fr\u00e9d\u00e9rick Cl\u00e9ment"}]},{"@type":"WebSite","@id":"https:\/\/alphadistinction.com\/en\/#website","url":"https:\/\/alphadistinction.com\/en\/","name":"Alpha Distinction","description":"","publisher":{"@id":"https:\/\/alphadistinction.com\/en\/#organization"},"potentialAction":[{"@type":"SearchAction","target":{"@type":"EntryPoint","urlTemplate":"https:\/\/alphadistinction.com\/en\/?s={search_term_string}"},"query-input":{"@type":"PropertyValueSpecification","valueRequired":true,"valueName":"search_term_string"}}],"inLanguage":"en-US"},{"@type":"Organization","@id":"https:\/\/alphadistinction.com\/en\/#organization","name":"Alpha Distinction","url":"https:\/\/alphadistinction.com\/en\/","logo":{"@type":"ImageObject","inLanguage":"en-US","@id":"https:\/\/alphadistinction.com\/en\/#\/schema\/logo\/image\/","url":"https:\/\/alphadistinction.com\/wp-content\/uploads\/2024\/10\/alpha-image-2.png","contentUrl":"https:\/\/alphadistinction.com\/wp-content\/uploads\/2024\/10\/alpha-image-2.png","width":696,"height":696,"caption":"Alpha Distinction"},"image":{"@id":"https:\/\/alphadistinction.com\/en\/#\/schema\/logo\/image\/"},"sameAs":["https:\/\/www.facebook.com\/alphadistinction","https:\/\/www.linkedin.com\/company\/alpha-distinction\/"]}]}},"_links":{"self":[{"href":"https:\/\/alphadistinction.com\/en\/wp-json\/wp\/v2\/pages\/987522323","targetHints":{"allow":["GET"]}}],"collection":[{"href":"https:\/\/alphadistinction.com\/en\/wp-json\/wp\/v2\/pages"}],"about":[{"href":"https:\/\/alphadistinction.com\/en\/wp-json\/wp\/v2\/types\/page"}],"author":[{"embeddable":true,"href":"https:\/\/alphadistinction.com\/en\/wp-json\/wp\/v2\/users\/3"}],"replies":[{"embeddable":true,"href":"https:\/\/alphadistinction.com\/en\/wp-json\/wp\/v2\/comments?post=987522323"}],"version-history":[{"count":6,"href":"https:\/\/alphadistinction.com\/en\/wp-json\/wp\/v2\/pages\/987522323\/revisions"}],"predecessor-version":[{"id":987523400,"href":"https:\/\/alphadistinction.com\/en\/wp-json\/wp\/v2\/pages\/987522323\/revisions\/987523400"}],"wp:attachment":[{"href":"https:\/\/alphadistinction.com\/en\/wp-json\/wp\/v2\/media?parent=987522323"}],"curies":[{"name":"wp","href":"https:\/\/api.w.org\/{rel}","templated":true}]}}